{"id":12007,"date":"2019-08-11T09:56:38","date_gmt":"2019-08-11T09:56:38","guid":{"rendered":"http:\/\/guentersahler.de\/?page_id=12007"},"modified":"2025-08-01T17:07:42","modified_gmt":"2025-08-01T17:07:42","slug":"impressum","status":"publish","type":"page","link":"https:\/\/guentersahler.de\/?page_id=12007","title":{"rendered":"Impressum"},"content":{"rendered":"\n<p>Gem\u00e4\u00df \u00a7 5 TMG (<a href=\"http:\/\/www.gesetze-im-internet.de\/tmg\/BJNR017910007.html\" target=\"_blank\" rel=\"noreferrer noopener\">Telemediengesetz<\/a>)\n und \u00a7 55 RStV (Staatsvertrag \u00fcber Rundfunk und Telemedien) f\u00fcr an die \nAllgemeinheit gerichtete Informations- und Kommunikationsdienste.<\/p>\n\n\n\n<p>Verantwortlich f\u00fcr den Inhalt der Webseite:<\/p>\n\n\n\n<figure class=\"wp-block-image size-full\"><img loading=\"lazy\" decoding=\"async\" width=\"500\" height=\"282\" src=\"https:\/\/guentersahler.de\/wp-content\/uploads\/2025\/08\/impressum.jpg\" alt=\"\" class=\"wp-image-35404\" srcset=\"https:\/\/guentersahler.de\/wp-content\/uploads\/2025\/08\/impressum.jpg 500w, https:\/\/guentersahler.de\/wp-content\/uploads\/2025\/08\/impressum-300x169.jpg 300w\" sizes=\"(max-width: 500px) 100vw, 500px\" \/><\/figure>\n\n\n\n<p>Haftungshinweis:<br>\nTrotz sorgf\u00e4ltiger inhaltlicher Kontrolle \u00fcbernehme ich keine Haftung \nf\u00fcr die Inhalte externer Links. F\u00fcr den Inhalt der verlinkten Seiten \nsind ausschlie\u00dflich deren Betreiber verantwortlich.<\/p>\n\n\n\n<p>Datenschutz:<br>\nInformationen zum Datenschutz erhalten Sie <a href=\"http:\/\/www.guentersahler.de\/?page_id=12009\">hier<\/a>.<\/p>\n","protected":false},"excerpt":{"rendered":"<p>Gem\u00e4\u00df \u00a7 5 TMG (Telemediengesetz) und \u00a7 55 RStV (Staatsvertrag \u00fcber Rundfunk und Telemedien) f\u00fcr an die Allgemeinheit gerichtete Informations- und Kommunikationsdienste. Verantwortlich f\u00fcr den Inhalt der Webseite: Haftungshinweis: Trotz sorgf\u00e4ltiger inhaltlicher Kontrolle \u00fcbernehme ich keine Haftung f\u00fcr die Inhalte &hellip; <a href=\"https:\/\/guentersahler.de\/?page_id=12007\">Weiter<\/a><\/p>\n","protected":false},"author":1,"featured_media":0,"parent":0,"menu_order":0,"comment_status":"closed","ping_status":"closed","template":"","meta":{"footnotes":""},"class_list":["post-12007","page","type-page","status-publish","hentry"],"_links":{"self":[{"href":"https:\/\/guentersahler.de\/index.php?rest_route=\/wp\/v2\/pages\/12007"}],"collection":[{"href":"https:\/\/guentersahler.de\/index.php?rest_route=\/wp\/v2\/pages"}],"about":[{"href":"https:\/\/guentersahler.de\/index.php?rest_route=\/wp\/v2\/types\/page"}],"author":[{"embeddable":true,"href":"https:\/\/guentersahler.de\/index.php?rest_route=\/wp\/v2\/users\/1"}],"replies":[{"embeddable":true,"href":"https:\/\/guentersahler.de\/index.php?rest_route=%2Fwp%2Fv2%2Fcomments&post=12007"}],"version-history":[{"count":8,"href":"https:\/\/guentersahler.de\/index.php?rest_route=\/wp\/v2\/pages\/12007\/revisions"}],"predecessor-version":[{"id":35405,"href":"https:\/\/guentersahler.de\/index.php?rest_route=\/wp\/v2\/pages\/12007\/revisions\/35405"}],"wp:attachment":[{"href":"https:\/\/guentersahler.de\/index.php?rest_route=%2Fwp%2Fv2%2Fmedia&parent=12007"}],"curies":[{"name":"wp","href":"https:\/\/api.w.org\/{rel}","templated":true}]}}