{"id":30926,"date":"2023-12-23T16:36:43","date_gmt":"2023-12-23T16:36:43","guid":{"rendered":"http:\/\/guentersahler.de\/?page_id=30926"},"modified":"2026-02-14T18:56:29","modified_gmt":"2026-02-14T18:56:29","slug":"sustainability-erkunden","status":"publish","type":"page","link":"https:\/\/guentersahler.de\/?page_id=30926","title":{"rendered":"Nachhaltigkeit"},"content":{"rendered":"\n<p>Sustainability erkunden: Carbon Accounting &#8211; Grundlagen der CO2-Bilanzierung<\/p>\n\n\n\n<figure class=\"wp-block-image size-full\"><img loading=\"lazy\" decoding=\"async\" width=\"500\" height=\"163\" src=\"https:\/\/guentersahler.de\/wp-content\/uploads\/2024\/03\/sustain001.jpg\" alt=\"\" class=\"wp-image-32977\" srcset=\"https:\/\/guentersahler.de\/wp-content\/uploads\/2024\/03\/sustain001.jpg 500w, https:\/\/guentersahler.de\/wp-content\/uploads\/2024\/03\/sustain001-300x98.jpg 300w\" sizes=\"(max-width: 500px) 100vw, 500px\" \/><\/figure>\n\n\n\n<figure class=\"wp-block-image size-large\"><img loading=\"lazy\" decoding=\"async\" width=\"700\" height=\"366\" src=\"https:\/\/guentersahler.de\/wp-content\/uploads\/2023\/12\/CarboAcco004.jpg\" alt=\"\" class=\"wp-image-30927\" srcset=\"https:\/\/guentersahler.de\/wp-content\/uploads\/2023\/12\/CarboAcco004.jpg 700w, https:\/\/guentersahler.de\/wp-content\/uploads\/2023\/12\/CarboAcco004-300x157.jpg 300w\" sizes=\"(max-width: 700px) 100vw, 700px\" \/><\/figure>\n\n\n\n<p><a href=\"https:\/\/guentersahler.de\/?p=30079\">Von der Inkohlung zur Erderw\u00e4rmung<\/a><\/p>\n\n\n\n<p><a href=\"https:\/\/guentersahler.de\/?p=30197\">CO2-Speicher: B\u00e4ume<\/a><\/p>\n\n\n\n<p><a href=\"https:\/\/guentersahler.de\/?p=31013\">Global warming potential (GWP) und CO2-\u00c4quivalente<\/a><\/p>\n\n\n\n<p><a href=\"https:\/\/guentersahler.de\/?p=31093\">Rechnen mit Emissionsfaktoren<\/a><\/p>\n\n\n\n<figure class=\"wp-block-image size-large\"><img loading=\"lazy\" decoding=\"async\" width=\"700\" height=\"366\" src=\"https:\/\/guentersahler.de\/wp-content\/uploads\/2023\/08\/bfm005.jpg\" alt=\"\" class=\"wp-image-29622\" srcset=\"https:\/\/guentersahler.de\/wp-content\/uploads\/2023\/08\/bfm005.jpg 700w, https:\/\/guentersahler.de\/wp-content\/uploads\/2023\/08\/bfm005-300x157.jpg 300w\" sizes=\"(max-width: 700px) 100vw, 700px\" \/><figcaption class=\"wp-element-caption\">UN Sustainable Development Goals (SDGs)<\/figcaption><\/figure>\n\n\n\n<p><a href=\"https:\/\/guentersahler.de\/?p=32900\">Fernkurs Sustainability Manager<\/a><\/p>\n\n\n\n<figure class=\"wp-block-image size-large\"><img decoding=\"async\" src=\"https:\/\/guentersahler.de\/wp-content\/uploads\/2024\/08\/windkraft001.jpg\" alt=\"\"\/><figcaption class=\"wp-element-caption\">Windr\u00e4der in Niedersachsen bei Wardenburg, Landkreis Oldenburg.<\/figcaption><\/figure>\n\n\n\n<figure class=\"wp-block-image size-full\"><img loading=\"lazy\" decoding=\"async\" width=\"700\" height=\"527\" src=\"https:\/\/guentersahler.de\/wp-content\/uploads\/2024\/08\/hagen005.jpg\" alt=\"\" class=\"wp-image-33102\" srcset=\"https:\/\/guentersahler.de\/wp-content\/uploads\/2024\/08\/hagen005.jpg 700w, https:\/\/guentersahler.de\/wp-content\/uploads\/2024\/08\/hagen005-300x226.jpg 300w\" sizes=\"(max-width: 700px) 100vw, 700px\" \/><\/figure>\n\n\n\n<figure class=\"wp-block-image size-full\"><img loading=\"lazy\" decoding=\"async\" width=\"700\" height=\"279\" src=\"https:\/\/guentersahler.de\/wp-content\/uploads\/2024\/08\/hagen006.jpg\" alt=\"\" class=\"wp-image-33103\" srcset=\"https:\/\/guentersahler.de\/wp-content\/uploads\/2024\/08\/hagen006.jpg 700w, https:\/\/guentersahler.de\/wp-content\/uploads\/2024\/08\/hagen006-300x120.jpg 300w\" sizes=\"(max-width: 700px) 100vw, 700px\" \/><figcaption class=\"wp-element-caption\">Freilichtmuseum Hagen (August 2024)<\/figcaption><\/figure>\n\n\n\n<figure class=\"wp-block-image size-full\"><img loading=\"lazy\" decoding=\"async\" width=\"500\" height=\"519\" src=\"https:\/\/guentersahler.de\/wp-content\/uploads\/2026\/02\/meta014.jpg\" alt=\"\" class=\"wp-image-37329\" srcset=\"https:\/\/guentersahler.de\/wp-content\/uploads\/2026\/02\/meta014.jpg 500w, https:\/\/guentersahler.de\/wp-content\/uploads\/2026\/02\/meta014-289x300.jpg 289w\" sizes=\"(max-width: 500px) 100vw, 500px\" \/><figcaption class=\"wp-element-caption\">Musterhaus auf :metabolon<\/figcaption><\/figure>\n\n\n\n<p><a href=\"https:\/\/guentersahler.de\/?p=37282\" data-type=\"post\" data-id=\"37282\">Tour auf :metabolon<\/a><\/p>\n\n\n\n<p><a href=\"https:\/\/guentersahler.de\/?p=30225\">Bau der Windenergieanlagen auf dem Vogelsberg<\/a><\/p>\n\n\n\n<p><\/p>\n","protected":false},"excerpt":{"rendered":"<p>Sustainability erkunden: Carbon Accounting &#8211; Grundlagen der CO2-Bilanzierung Von der Inkohlung zur Erderw\u00e4rmung CO2-Speicher: B\u00e4ume Global warming potential (GWP) und CO2-\u00c4quivalente Rechnen mit Emissionsfaktoren Fernkurs Sustainability Manager Tour auf :metabolon Bau der Windenergieanlagen auf dem Vogelsberg<\/p>\n","protected":false},"author":1,"featured_media":30927,"parent":0,"menu_order":0,"comment_status":"closed","ping_status":"closed","template":"","meta":{"footnotes":""},"class_list":["post-30926","page","type-page","status-publish","has-post-thumbnail","hentry"],"_links":{"self":[{"href":"https:\/\/guentersahler.de\/index.php?rest_route=\/wp\/v2\/pages\/30926"}],"collection":[{"href":"https:\/\/guentersahler.de\/index.php?rest_route=\/wp\/v2\/pages"}],"about":[{"href":"https:\/\/guentersahler.de\/index.php?rest_route=\/wp\/v2\/types\/page"}],"author":[{"embeddable":true,"href":"https:\/\/guentersahler.de\/index.php?rest_route=\/wp\/v2\/users\/1"}],"replies":[{"embeddable":true,"href":"https:\/\/guentersahler.de\/index.php?rest_route=%2Fwp%2Fv2%2Fcomments&post=30926"}],"version-history":[{"count":25,"href":"https:\/\/guentersahler.de\/index.php?rest_route=\/wp\/v2\/pages\/30926\/revisions"}],"predecessor-version":[{"id":37454,"href":"https:\/\/guentersahler.de\/index.php?rest_route=\/wp\/v2\/pages\/30926\/revisions\/37454"}],"wp:featuredmedia":[{"embeddable":true,"href":"https:\/\/guentersahler.de\/index.php?rest_route=\/wp\/v2\/media\/30927"}],"wp:attachment":[{"href":"https:\/\/guentersahler.de\/index.php?rest_route=%2Fwp%2Fv2%2Fmedia&parent=30926"}],"curies":[{"name":"wp","href":"https:\/\/api.w.org\/{rel}","templated":true}]}}