{"id":37842,"date":"2026-03-23T16:28:11","date_gmt":"2026-03-23T16:28:11","guid":{"rendered":"https:\/\/guentersahler.de\/?page_id=37842"},"modified":"2026-03-23T18:16:42","modified_gmt":"2026-03-23T18:16:42","slug":"suenger-berge","status":"publish","type":"page","link":"https:\/\/guentersahler.de\/?page_id=37842","title":{"rendered":"S\u00fcnger Berge erkunden"},"content":{"rendered":"\n<h3 class=\"wp-block-heading\"><\/h3>\n\n\n\n<figure class=\"wp-block-image size-full\"><img loading=\"lazy\" decoding=\"async\" width=\"500\" height=\"163\" src=\"https:\/\/guentersahler.de\/wp-content\/uploads\/2026\/03\/ESB-logo-2.jpg\" alt=\"\" class=\"wp-image-37859\" srcset=\"https:\/\/guentersahler.de\/wp-content\/uploads\/2026\/03\/ESB-logo-2.jpg 500w, https:\/\/guentersahler.de\/wp-content\/uploads\/2026\/03\/ESB-logo-2-300x98.jpg 300w\" sizes=\"(max-width: 500px) 100vw, 500px\" \/><\/figure>\n\n\n\n<p>Die Erkundung startete 2021.<\/p>\n\n\n\n<p>Die S\u00fcnger Berge sind sechs kleine H\u00fcgel in der Region Bergisches Land. Genaueres zu den sechs H\u00fcgel findest du <a href=\"https:\/\/guentersahler.de\/?p=25698\">hier (<em>location maps<\/em>)<\/a>.<\/p>\n\n\n\n<figure class=\"wp-block-image size-full\"><img loading=\"lazy\" decoding=\"async\" width=\"700\" height=\"279\" src=\"https:\/\/guentersahler.de\/wp-content\/uploads\/2022\/02\/suengerberge655.jpg\" alt=\"\" class=\"wp-image-19422\" srcset=\"https:\/\/guentersahler.de\/wp-content\/uploads\/2022\/02\/suengerberge655.jpg 700w, https:\/\/guentersahler.de\/wp-content\/uploads\/2022\/02\/suengerberge655-300x120.jpg 300w, https:\/\/guentersahler.de\/wp-content\/uploads\/2022\/02\/suengerberge655-624x249.jpg 624w\" sizes=\"(max-width: 700px) 100vw, 700px\" \/><\/figure>\n\n\n\n<p><\/p>\n\n\n\n<p>Bei S\u00fcnger Berge Nature Journaling beobachte und erkunde ich mit verschiedenen Methoden Landschaft und Natur der S\u00fcnger Berge. Also neben der Landschaft selber die Flora und Fauna der S\u00fcnger Berge.<\/p>\n\n\n\n<p><\/p>\n\n\n\n<p><\/p>\n\n\n\n<figure class=\"wp-block-image size-large\"><img decoding=\"async\" src=\"https:\/\/guentersahler.de\/wp-content\/uploads\/2023\/03\/suenberge2009.jpg\" alt=\"\"\/><figcaption class=\"wp-element-caption\"><em>Zeichnung (M\u00e4rz 2023) sowie einer Draufsicht (oben) auf die S\u00fcnger Berge.<\/em><\/figcaption><\/figure>\n\n\n\n<p><\/p>\n\n\n\n<p><\/p>\n\n\n\n<p><\/p>\n\n\n\n<p><\/p>\n\n\n\n<p><strong> <\/strong><a href=\"https:\/\/guentersahler.de\/?p=33585\">Cycling Trips on Sleepy Roads: Verschlafene Stra\u00dfen rund um die S\u00fcnger Berge<\/a><\/p>\n\n\n\n<p><\/p>\n\n\n\n<p><\/p>\n\n\n\n<figure class=\"wp-block-image size-full\"><a href=\"https:\/\/guentersahler.de\/?p=33585\"><img loading=\"lazy\" decoding=\"async\" width=\"700\" height=\"368\" src=\"https:\/\/guentersahler.de\/wp-content\/uploads\/2025\/07\/LogoundKarte002.jpg\" alt=\"\" class=\"wp-image-35094\" srcset=\"https:\/\/guentersahler.de\/wp-content\/uploads\/2025\/07\/LogoundKarte002.jpg 700w, https:\/\/guentersahler.de\/wp-content\/uploads\/2025\/07\/LogoundKarte002-300x158.jpg 300w\" sizes=\"(max-width: 700px) 100vw, 700px\" \/><\/a><\/figure>\n\n\n\n<p><\/p>\n\n\n\n<p><\/p>\n\n\n\n<p><strong>Fahrradradfahren rund um die S\u00fcnger Berge?<\/strong> Es gibt zwischen K\u00fcrten, Lindlar, Marienheide und Wipperf\u00fcrth einige Stra\u00dfen auf denen weniger Autos fahren und somit das Radfahren mehr Spa\u00df macht und sicherer ist. Hier gibt es meine Erkundungsdokumentation.<\/p>\n\n\n\n<p><\/p>\n\n\n\n<p><\/p>\n\n\n\n<p><strong> <\/strong><a href=\"https:\/\/guentersahler.de\/?p=33890\">Cycling Trips on Sleepy Roads, Verkehrszeichen, Radwege &#8230;<\/a><\/p>\n\n\n\n<p><\/p>\n\n\n\n<p><\/p>\n\n\n<p>In der Geologie wird von Mulden und S\u00e4tteln gesprochen. Diese stimmen oft mit den T\u00e4lern und Bergen \u00fcberein, so wie sie im allgemeinen Sprachgebrauch \u00fcblich sind. So gibt es hier in der Gegend die <em>Paffrather Mulde<\/em>, die sich von Bergisch Gladbach kommend bis hier ins Flo\u00dfbachtal im Gebiet von Wipperf\u00fcrth zieht. Bei einem genaueren Blick wird hier von der <em>Peffekovener Mulde<\/em> und von der <em>Dierdorfer Mulde<\/em> als Verl\u00e4ngerung der ber\u00fchmten Paffrather Mulde gesprochen. Auf geologischen \u00dcbersichtskarten sieht man direkt neben der Paffrather Mulde den <em>S\u00fcnger Sattel<\/em> und daneben weiter s\u00fcdlich die <em>Breuner Mulde<\/em>, also einerseits die <em>S\u00fcnger Berge<\/em> (Sattel) und andererseits die Breuner Mulde (S\u00fclz- bzw. Breuntal). S\u00fcnger Sattel und die Breuner Mulde als Bezeichnungen werden in der geologischen und pal\u00e4ontologischen [Geologie und Pal\u00e4ontologie] Fachliteratur verwendet.<\/p>\n\n\n<p><\/p>\n\n\n\n<p><\/p>\n\n\n\n<figure class=\"wp-block-image\"><img loading=\"lazy\" decoding=\"async\" width=\"700\" height=\"540\" src=\"https:\/\/guentersahler.de\/wp-content\/uploads\/2021\/07\/suengerberge504.jpg\" alt=\"\" class=\"wp-image-16061\" srcset=\"https:\/\/guentersahler.de\/wp-content\/uploads\/2021\/07\/suengerberge504.jpg 700w, https:\/\/guentersahler.de\/wp-content\/uploads\/2021\/07\/suengerberge504-300x231.jpg 300w, https:\/\/guentersahler.de\/wp-content\/uploads\/2021\/07\/suengerberge504-624x481.jpg 624w\" sizes=\"(max-width: 700px) 100vw, 700px\" \/><figcaption class=\"wp-element-caption\">Blick vom L\u00f6hberg nach Kapellens\u00fcng.<\/figcaption><\/figure>\n\n\n\n<p><\/p>\n\n\n\n<p><\/p>\n\n\n\n<p><strong>S\u00fcnger Berge Nature Journaling: Die Landschaft<\/strong><\/p>\n\n\n\n<p><\/p>\n\n\n\n<p><\/p>\n\n\n\n<p>Aus meiner einfachen Frage, ob die sechs kleinen H\u00fcgel Gemeinsamkeiten haben, ergaben sich folgende Leitfragen f\u00fcr meine Untersuchung:<\/p>\n\n\n\n<p><\/p>\n\n\n\n<p><\/p>\n\n\n\n<p><\/p>\n\n\n\n<p><\/p>\n\n\n\n<p><\/p>\n\n\n\n<ul class=\"wp-block-list\">\n<li>Was definiert die S\u00fcnger Berge und ihre Gemeinsamkeiten?<\/li>\n\n\n\n<li>Wie lassen sich die S\u00fcnger Berge in die geologische Landschaftsentwicklung einordnen?<\/li>\n<\/ul>\n\n\n\n<p><\/p>\n\n\n\n<p><\/p>\n\n\n\n<p><\/p>\n\n\n\n<p><\/p>\n\n\n\n<p><\/p>\n\n\n\n<p>Spezielle Informationen zu den S\u00fcnger Bergen gab es nicht. Es gab ein paar Informationen zum S\u00fcnger Sattel, zu den geologischen Schichten und zur H\u00f6hle unter S\u00fcng und Hartegasse. Als Nichtgeologe musste ich mich erstmal durch die Fachliteratur k\u00e4mpfen, um die Entstehung der Region verstehen zu k\u00f6nnen. W\u00e4hrenddessen er- und umwanderte ich mehrmals w\u00f6chentlich die sechs H\u00fcgel, machte Fotos und Skizzen.<\/p>\n\n\n\n<p><\/p>\n\n\n\n<p><\/p>\n\n\n\n<p><\/p>\n\n\n\n<p><\/p>\n\n\n\n<p><\/p>\n\n\n\n<p><\/p>\n\n\n\n<p><a href=\"https:\/\/guentersahler.de\/?p=25811\">Teil 1: Der Name<\/a><br><a href=\"https:\/\/guentersahler.de\/?p=13369\">Teil 2: S\u00fcnger B\u00e4che<\/a><br><a href=\"https:\/\/guentersahler.de\/?p=14131\">Teil 3: Relief der S\u00fcnger Berge<\/a><br>\u2013&nbsp;<a href=\"https:\/\/guentersahler.de\/?p=14057\">Die Breuner Talung zwischen Bonners\u00fcng und Oberfeld<\/a><br><a href=\"https:\/\/guentersahler.de\/?p=13240\">Teil 4: Landschaftsbilder der S\u00fcnger Berge<\/a><br><a href=\"https:\/\/guentersahler.de\/?p=19275\">Teil 5: Landschaftsskizzen<\/a><br><a href=\"https:\/\/guentersahler.de\/?p=13547\">Teil 6: Zur Entstehung der S\u00fcnger Berge<\/a><br><a href=\"https:\/\/guentersahler.de\/?p=13376\">Teil 7: S\u00fcnger H\u00f6hle<\/a><br><a href=\"https:\/\/guentersahler.de\/?p=20205\">Teil 8: Aufschl\u00fcsse<\/a><br>\u2013&nbsp;<a href=\"https:\/\/guentersahler.de\/?p=19160\">Aufschluss bei Breun<\/a><br>\u2013&nbsp;<a href=\"https:\/\/guentersahler.de\/?p=18881\">Aufschlu\u00df bei Hartegasse<\/a><br>\u2013&nbsp;<a href=\"https:\/\/guentersahler.de\/?p=14020\">Kleiner Aufschlu\u00df beim S\u00fcnger Bach<\/a><br>\u2013&nbsp;<a href=\"https:\/\/guentersahler.de\/?p=14053\">Aufschlu\u00df am S\u00fcnger Berg<\/a><br>\u2013&nbsp;<a href=\"https:\/\/guentersahler.de\/?p=13802\">Steine bei Stelberg<\/a><br><a href=\"https:\/\/guentersahler.de\/?p=20600\">Teil 9: Fossilien<\/a><br><a href=\"https:\/\/guentersahler.de\/?p=13374\">Teil 10: S\u00fcnger Wege<\/a><br><a href=\"https:\/\/guentersahler.de\/?p=25790\">Teil 11: Wanderungen<\/a><br><a href=\"https:\/\/guentersahler.de\/?p=25887\">Teil 12: S\u00fcnger Berge-Definition = Berge \u2013 Sattel \u2013 Schichten<\/a><\/p>\n\n\n\n<p><\/p>\n\n\n\n<p><\/p>\n\n\n\n<p><\/p>\n\n\n\n<p><\/p>\n\n\n\n<p><\/p>\n\n\n\n<p><\/p>\n\n\n\n<figure class=\"wp-block-image\"><img loading=\"lazy\" decoding=\"async\" width=\"700\" height=\"735\" src=\"https:\/\/guentersahler.de\/wp-content\/uploads\/2021\/07\/suengerberge521.jpg\" alt=\"\" class=\"wp-image-16124\" srcset=\"https:\/\/guentersahler.de\/wp-content\/uploads\/2021\/07\/suengerberge521.jpg 700w, https:\/\/guentersahler.de\/wp-content\/uploads\/2021\/07\/suengerberge521-286x300.jpg 286w, https:\/\/guentersahler.de\/wp-content\/uploads\/2021\/07\/suengerberge521-624x655.jpg 624w\" sizes=\"(max-width: 700px) 100vw, 700px\" \/><\/figure>\n\n\n\n<p><\/p>\n\n\n\n<p><\/p>\n\n\n\n<p><strong>S\u00fcnger Berge Nature Journaling<\/strong>: <strong>Flora<\/strong><\/p>\n\n\n\n<p><\/p>\n\n\n\n<p><\/p>\n\n\n\n<p><a href=\"https:\/\/guentersahler.de\/?p=13571\">Flora der S\u00fcnger Berge<\/a><br><a href=\"https:\/\/guentersahler.de\/?p=24169\">B\u00e4ume der S\u00fcnger Berge<\/a><\/p>\n\n\n\n<p><\/p>\n\n\n\n<p><\/p>\n\n\n\n<p><strong>S\u00fcnger Berge Nature Journaling: Insekten<\/strong><br><a href=\"https:\/\/guentersahler.de\/?p=15620\">Insekten in den S\u00fcnger Bergen<\/a><br>\u2013\u00a0<a href=\"https:\/\/guentersahler.de\/?p=14975\">K\u00e4fer in den S\u00fcnger Berge<\/a><br>&#8211; <a href=\"https:\/\/guentersahler.de\/?p=20841\">Marienk\u00e4fer, K\u00e4ferlarven und -puppen in den S\u00fcnger Bergen<\/a><br>\u2013\u00a0<a href=\"https:\/\/guentersahler.de\/?p=15362\">Wanzen in den S\u00fcnger Bergen<\/a><br>&#8212; <a href=\"https:\/\/guentersahler.de\/?p=31179\">Wanzen-Skizzen<\/a><br>\u2013\u00a0<a href=\"https:\/\/guentersahler.de\/?p=14888\">Schmetterlinge in den S\u00fcnger Bergen<\/a><br>&#8211; <a href=\"https:\/\/guentersahler.de\/?p=16240\">Heuschrecken in den S\u00fcnger Bergen<\/a><\/p>\n\n\n\n<p><\/p>\n\n\n\n<p><\/p>\n\n\n\n<figure class=\"wp-block-image size-full\"><img loading=\"lazy\" decoding=\"async\" width=\"700\" height=\"385\" src=\"https:\/\/guentersahler.de\/wp-content\/uploads\/2021\/07\/kaefertitel.jpg\" alt=\"\" class=\"wp-image-15741\" srcset=\"https:\/\/guentersahler.de\/wp-content\/uploads\/2021\/07\/kaefertitel.jpg 700w, https:\/\/guentersahler.de\/wp-content\/uploads\/2021\/07\/kaefertitel-300x165.jpg 300w, https:\/\/guentersahler.de\/wp-content\/uploads\/2021\/07\/kaefertitel-624x343.jpg 624w\" sizes=\"(max-width: 700px) 100vw, 700px\" \/><figcaption class=\"wp-element-caption\"><a href=\"https:\/\/guentersahler.de\/?p=14975\">K\u00e4fer in den S\u00fcnger Bergen<\/a>. Erlebe die Vielfalt an K\u00e4fern im Garten, im Wald und am Wegesrand.<\/figcaption><\/figure>\n\n\n\n<p><\/p>\n\n\n\n<p><\/p>\n\n\n\n<figure class=\"wp-block-image\"><img loading=\"lazy\" decoding=\"async\" width=\"700\" height=\"475\" src=\"https:\/\/guentersahler.de\/wp-content\/uploads\/2021\/08\/Falter013.jpg\" alt=\"\" class=\"wp-image-16246\" srcset=\"https:\/\/guentersahler.de\/wp-content\/uploads\/2021\/08\/Falter013.jpg 700w, https:\/\/guentersahler.de\/wp-content\/uploads\/2021\/08\/Falter013-300x204.jpg 300w, https:\/\/guentersahler.de\/wp-content\/uploads\/2021\/08\/Falter013-624x423.jpg 624w\" sizes=\"(max-width: 700px) 100vw, 700px\" \/><\/figure>\n\n\n\n<p><\/p>\n\n\n\n<p><\/p>\n\n\n\n<p><strong>S\u00fcnger Berge Nature Journaling: V\u00f6gel<\/strong><\/p>\n\n\n\n<p><\/p>\n\n\n\n<p><\/p>\n\n\n\n<p><a href=\"https:\/\/guentersahler.de\/?p=17776\">V\u00f6gel in den S\u00fcnger Bergen<\/a><\/p>\n\n\n\n<p><\/p>\n\n\n\n<p><\/p>\n\n\n\n<figure class=\"wp-block-image size-full\"><img loading=\"lazy\" decoding=\"async\" width=\"700\" height=\"396\" src=\"https:\/\/guentersahler.de\/wp-content\/uploads\/2024\/06\/milan001.jpg\" alt=\"\" class=\"wp-image-32444\" srcset=\"https:\/\/guentersahler.de\/wp-content\/uploads\/2024\/06\/milan001.jpg 700w, https:\/\/guentersahler.de\/wp-content\/uploads\/2024\/06\/milan001-300x170.jpg 300w\" sizes=\"(max-width: 700px) 100vw, 700px\" \/><\/figure>\n\n\n\n<p><\/p>\n\n\n\n<p><\/p>\n\n\n\n<p><a href=\"https:\/\/guentersahler.de\/?p=23543\">Landasseln in den S\u00fcnger Bergen<\/a><\/p>\n\n\n\n<p><\/p>\n\n\n\n<p><\/p>\n\n\n\n<p><a href=\"https:\/\/guentersahler.de\/?p=14923\">Amphibien und Reptilien in den S\u00fcnger Bergen<\/a><\/p>\n\n\n\n<p><\/p>\n\n\n\n<p><\/p>\n\n\n\n<p><a href=\"https:\/\/guentersahler.de\/?p=14193\">Schnecken in den S\u00fcnger Bergen<\/a><\/p>\n\n\n\n<p><\/p>\n\n\n\n<p><\/p>\n\n\n\n<p><a href=\"https:\/\/guentersahler.de\/?p=16471\">Spinnen in den S\u00fcnger Bergen<\/a><\/p>\n\n\n\n<p><\/p>\n\n\n\n<p><\/p>\n\n\n\n<p><a href=\"https:\/\/guentersahler.de\/?p=31577\">Milben in den S\u00fcnger Bergen<\/a><\/p>\n\n\n\n<p><\/p>\n\n\n\n<p><\/p>\n\n\n\n<p><a href=\"https:\/\/guentersahler.de\/?p=34021\">Zecken in den S\u00fcnger Bergen<\/a><\/p>\n\n\n\n<p><\/p>\n\n\n\n<p><\/p>\n\n\n\n<p><a href=\"https:\/\/guentersahler.de\/?p=16412\">Pilze in den S\u00fcnger Bergen<\/a><\/p>\n\n\n\n<p><\/p>\n\n\n\n<p><\/p>\n\n\n\n<p><a href=\"https:\/\/guentersahler.de\/?p=17852\">Flechten in den S\u00fcnger Bergen<\/a><\/p>\n\n\n\n<p><\/p>\n\n\n\n<p><\/p>\n\n\n\n<p><a href=\"https:\/\/guentersahler.de\/?p=18818\">S\u00e4ugetiere in den S\u00fcnger Bergen<\/a><\/p>\n\n\n\n<p><\/p>\n\n\n\n<p><\/p>\n\n\n\n<p><a href=\"https:\/\/guentersahler.de\/?p=17071\">Nutztiere in den S\u00fcnger Bergen<\/a><\/p>\n\n\n\n<p><\/p>\n\n\n\n<p><\/p>\n\n\n\n<p><a href=\"https:\/\/guentersahler.de\/?p=29029\">Tierspuren in den S\u00fcnger Bergen<\/a><\/p>\n\n\n\n<p><\/p>\n\n\n\n<p><\/p>\n\n\n\n<p><a href=\"https:\/\/guentersahler.de\/?p=30119\">Wolken \u00fcber den S\u00fcnger Bergen<\/a><\/p>\n\n\n\n<p><\/p>\n\n\n\n<p><\/p>\n\n\n\n<p><a href=\"https:\/\/guentersahler.de\/?p=31059\">Schnee in den S\u00fcnger Bergen<\/a><\/p>\n\n\n\n<p><\/p>\n\n\n\n<p><\/p>\n\n\n\n<p><a href=\"https:\/\/guentersahler.de\/?p=31240\">Klimawandel in den S\u00fcnger Bergen<\/a><\/p>\n\n\n\n<p><\/p>\n\n\n\n<p><\/p>\n\n\n\n<p><a href=\"https:\/\/guentersahler.de\/?p=14479\">D\u00fcrre in den S\u00fcnger Bergen<\/a><\/p>\n\n\n\n<p><\/p>\n\n\n\n<p><\/p>\n\n\n\n<p><a href=\"https:\/\/guentersahler.de\/?p=31280\">Hochwasser in den S\u00fcnger Bergen<\/a><\/p>\n\n\n\n<p><\/p>\n\n\n\n<p><\/p>\n\n\n\n<p><a href=\"https:\/\/guentersahler.de\/?p=30962\">Hydrosketchology oder Hydroskizzenkunde in den S\u00fcnger Bergen<\/a><\/p>\n\n\n\n<p><\/p>\n\n\n\n<p><\/p>\n\n\n\n<p><a href=\"https:\/\/guentersahler.de\/?p=13924\">Hydration und Sonnenschutz beim Wandern<\/a><\/p>\n\n\n\n<p><\/p>\n\n\n\n<p><\/p>\n","protected":false},"excerpt":{"rendered":"<p>Die Erkundung startete 2021. Die S\u00fcnger Berge sind sechs kleine H\u00fcgel in der Region Bergisches Land. Genaueres zu den sechs H\u00fcgel findest du hier (location maps). Bei S\u00fcnger Berge Nature Journaling beobachte und erkunde ich mit verschiedenen Methoden Landschaft und &hellip; <a href=\"https:\/\/guentersahler.de\/?page_id=37842\">Weiter<\/a><\/p>\n","protected":false},"author":1,"featured_media":37859,"parent":0,"menu_order":0,"comment_status":"closed","ping_status":"closed","template":"","meta":{"footnotes":""},"class_list":["post-37842","page","type-page","status-publish","has-post-thumbnail","hentry"],"_links":{"self":[{"href":"https:\/\/guentersahler.de\/index.php?rest_route=\/wp\/v2\/pages\/37842"}],"collection":[{"href":"https:\/\/guentersahler.de\/index.php?rest_route=\/wp\/v2\/pages"}],"about":[{"href":"https:\/\/guentersahler.de\/index.php?rest_route=\/wp\/v2\/types\/page"}],"author":[{"embeddable":true,"href":"https:\/\/guentersahler.de\/index.php?rest_route=\/wp\/v2\/users\/1"}],"replies":[{"embeddable":true,"href":"https:\/\/guentersahler.de\/index.php?rest_route=%2Fwp%2Fv2%2Fcomments&post=37842"}],"version-history":[{"count":7,"href":"https:\/\/guentersahler.de\/index.php?rest_route=\/wp\/v2\/pages\/37842\/revisions"}],"predecessor-version":[{"id":37909,"href":"https:\/\/guentersahler.de\/index.php?rest_route=\/wp\/v2\/pages\/37842\/revisions\/37909"}],"wp:featuredmedia":[{"embeddable":true,"href":"https:\/\/guentersahler.de\/index.php?rest_route=\/wp\/v2\/media\/37859"}],"wp:attachment":[{"href":"https:\/\/guentersahler.de\/index.php?rest_route=%2Fwp%2Fv2%2Fmedia&parent=37842"}],"curies":[{"name":"wp","href":"https:\/\/api.w.org\/{rel}","templated":true}]}}