{"id":37873,"date":"2026-03-23T17:46:35","date_gmt":"2026-03-23T17:46:35","guid":{"rendered":"https:\/\/guentersahler.de\/?page_id=37873"},"modified":"2026-03-23T18:20:01","modified_gmt":"2026-03-23T18:20:01","slug":"muensterland-erkunden","status":"publish","type":"page","link":"https:\/\/guentersahler.de\/?page_id=37873","title":{"rendered":"M\u00fcnsterland erkunden"},"content":{"rendered":"\n<figure class=\"wp-block-image size-large\"><img decoding=\"async\" src=\"https:\/\/guentersahler.de\/wp-content\/uploads\/2024\/10\/Muensterlandimage.jpg\" alt=\"\"\/><\/figure>\n\n\n\n<p><a href=\"https:\/\/guentersahler.de\/?p=33264\">M\u00fcnster, Havixbeck, Warendorf erkunden<\/a><br><a href=\"https:\/\/guentersahler.de\/?p=34372\">Billerbeck, Darfeld, Nottuln, Havixbeck<\/a><br><a href=\"https:\/\/guentersahler.de\/?p=34327\">Fahrradskizzen: Radeln in den Baumbergen<\/a><br><a href=\"https:\/\/guentersahler.de\/?p=35754\">M\u00fcnsterland: Baumberge, Billerbeck, Darfeld, Nottuln, Coesfeld &amp; M\u00fcnster<\/a><br><a href=\"https:\/\/guentersahler.de\/?p=33216\">Grafschaft Bentheim<\/a><\/p>\n\n\n\n<p><\/p>\n","protected":false},"excerpt":{"rendered":"<p>M\u00fcnster, Havixbeck, Warendorf erkundenBillerbeck, Darfeld, Nottuln, HavixbeckFahrradskizzen: Radeln in den BaumbergenM\u00fcnsterland: Baumberge, Billerbeck, Darfeld, Nottuln, Coesfeld &amp; M\u00fcnsterGrafschaft Bentheim<\/p>\n","protected":false},"author":1,"featured_media":33346,"parent":0,"menu_order":0,"comment_status":"closed","ping_status":"closed","template":"","meta":{"footnotes":""},"class_list":["post-37873","page","type-page","status-publish","has-post-thumbnail","hentry"],"_links":{"self":[{"href":"https:\/\/guentersahler.de\/index.php?rest_route=\/wp\/v2\/pages\/37873"}],"collection":[{"href":"https:\/\/guentersahler.de\/index.php?rest_route=\/wp\/v2\/pages"}],"about":[{"href":"https:\/\/guentersahler.de\/index.php?rest_route=\/wp\/v2\/types\/page"}],"author":[{"embeddable":true,"href":"https:\/\/guentersahler.de\/index.php?rest_route=\/wp\/v2\/users\/1"}],"replies":[{"embeddable":true,"href":"https:\/\/guentersahler.de\/index.php?rest_route=%2Fwp%2Fv2%2Fcomments&post=37873"}],"version-history":[{"count":2,"href":"https:\/\/guentersahler.de\/index.php?rest_route=\/wp\/v2\/pages\/37873\/revisions"}],"predecessor-version":[{"id":37912,"href":"https:\/\/guentersahler.de\/index.php?rest_route=\/wp\/v2\/pages\/37873\/revisions\/37912"}],"wp:featuredmedia":[{"embeddable":true,"href":"https:\/\/guentersahler.de\/index.php?rest_route=\/wp\/v2\/media\/33346"}],"wp:attachment":[{"href":"https:\/\/guentersahler.de\/index.php?rest_route=%2Fwp%2Fv2%2Fmedia&parent=37873"}],"curies":[{"name":"wp","href":"https:\/\/api.w.org\/{rel}","templated":true}]}}