{"id":37884,"date":"2026-03-23T17:54:00","date_gmt":"2026-03-23T17:54:00","guid":{"rendered":"https:\/\/guentersahler.de\/?page_id=37884"},"modified":"2026-03-23T17:56:40","modified_gmt":"2026-03-23T17:56:40","slug":"goettingen-erkunden","status":"publish","type":"page","link":"https:\/\/guentersahler.de\/?page_id=37884","title":{"rendered":"G\u00f6ttingen erkunden"},"content":{"rendered":"\n<figure class=\"wp-block-image size-large\"><img decoding=\"async\" src=\"https:\/\/guentersahler.de\/wp-content\/uploads\/2023\/08\/Logo-Lal-goe-001.gif\" alt=\"\"\/><\/figure>\n\n\n\n<p><a href=\"https:\/\/guentersahler.de\/?p=12115\">G\u00f6ttingen<\/a><br><a href=\"https:\/\/guentersahler.de\/?p=17262\">Alter Botanischer Garten G\u00f6ttingen (September 2021)<\/a><br><a href=\"https:\/\/guentersahler.de\/?p=17291\">\u00dcber die Schillerwiesen hoch in den G\u00f6ttinger Wald<\/a><br><a href=\"https:\/\/guentersahler.de\/?p=36714\">Forum Wissen 2025<\/a><\/p>\n","protected":false},"excerpt":{"rendered":"<p>G\u00f6ttingenAlter Botanischer Garten G\u00f6ttingen (September 2021)\u00dcber die Schillerwiesen hoch in den G\u00f6ttinger WaldForum Wissen 2025<\/p>\n","protected":false},"author":1,"featured_media":29506,"parent":0,"menu_order":0,"comment_status":"closed","ping_status":"closed","template":"","meta":{"footnotes":""},"class_list":["post-37884","page","type-page","status-publish","has-post-thumbnail","hentry"],"_links":{"self":[{"href":"https:\/\/guentersahler.de\/index.php?rest_route=\/wp\/v2\/pages\/37884"}],"collection":[{"href":"https:\/\/guentersahler.de\/index.php?rest_route=\/wp\/v2\/pages"}],"about":[{"href":"https:\/\/guentersahler.de\/index.php?rest_route=\/wp\/v2\/types\/page"}],"author":[{"embeddable":true,"href":"https:\/\/guentersahler.de\/index.php?rest_route=\/wp\/v2\/users\/1"}],"replies":[{"embeddable":true,"href":"https:\/\/guentersahler.de\/index.php?rest_route=%2Fwp%2Fv2%2Fcomments&post=37884"}],"version-history":[{"count":2,"href":"https:\/\/guentersahler.de\/index.php?rest_route=\/wp\/v2\/pages\/37884\/revisions"}],"predecessor-version":[{"id":37887,"href":"https:\/\/guentersahler.de\/index.php?rest_route=\/wp\/v2\/pages\/37884\/revisions\/37887"}],"wp:featuredmedia":[{"embeddable":true,"href":"https:\/\/guentersahler.de\/index.php?rest_route=\/wp\/v2\/media\/29506"}],"wp:attachment":[{"href":"https:\/\/guentersahler.de\/index.php?rest_route=%2Fwp%2Fv2%2Fmedia&parent=37884"}],"curies":[{"name":"wp","href":"https:\/\/api.w.org\/{rel}","templated":true}]}}